{"id":5740,"date":"2020-12-31T15:04:53","date_gmt":"2020-12-31T14:04:53","guid":{"rendered":"http:\/\/enroutepourlinconnu.com\/?page_id=5740"},"modified":"2020-12-31T15:14:15","modified_gmt":"2020-12-31T14:14:15","slug":"film","status":"publish","type":"page","link":"https:\/\/enroutepourlinconnu.com\/index.php\/film\/","title":{"rendered":"Film"},"content":{"rendered":"\n<p>Je suis revenu de voyage avec plus de 13 500 photos, de quoi occuper de belles soir\u00e9es d&rsquo;hiver&#8230;<\/p>\n\n\n\n<p>Une s\u00e9lection s&rsquo;imposait, et apr\u00e8s quelques jours de choix et de montage, je vous pr\u00e9sente ici la cr\u00e8me, ces images qui m&rsquo;ont marqu\u00e9 et que j&rsquo;esp\u00e8re avoir r\u00e9ussi \u00e0 capter de la meilleure fa\u00e7on.<\/p>\n\n\n\n<p>Mises en musique, elle aussi soigneusement s\u00e9lectionn\u00e9e, c&rsquo;est un r\u00e9sum\u00e9 de plus de 17 minutes que je vous offre \u00e0 pr\u00e9sent.<\/p>\n\n\n\n<p>Bon visionnage !<\/p>\n\n\n\n<figure class=\"wp-block-embed-youtube wp-block-embed is-type-video is-provider-youtube wp-embed-aspect-16-9 wp-has-aspect-ratio\"><div class=\"wp-block-embed__wrapper\">\n<iframe loading=\"lazy\" title=\"En route pour l&#039;inconnu\" width=\"629\" height=\"354\" src=\"https:\/\/www.youtube.com\/embed\/VHYjmPBuVxY?feature=oembed\" frameborder=\"0\" allow=\"accelerometer; autoplay; clipboard-write; encrypted-media; gyroscope; picture-in-picture; web-share\" referrerpolicy=\"strict-origin-when-cross-origin\" allowfullscreen><\/iframe>\n<\/div><\/figure>\n\n\n\n<p><\/p>\n\n\n\n<p>Pour une autre fa\u00e7on de voir les choses, j&rsquo;ai accompagn\u00e9 ces m\u00eames images avec une bande-son diff\u00e9rente. A vous de voir&#8230;<\/p>\n\n\n\n<figure class=\"wp-block-embed-youtube wp-block-embed is-type-video is-provider-youtube wp-embed-aspect-16-9 wp-has-aspect-ratio\"><div class=\"wp-block-embed__wrapper\">\n<iframe loading=\"lazy\" title=\"En route pour l&#039;inconnu (version alternative)\" width=\"629\" height=\"354\" src=\"https:\/\/www.youtube.com\/embed\/ZOecgWBTkIg?feature=oembed\" frameborder=\"0\" allow=\"accelerometer; autoplay; clipboard-write; encrypted-media; gyroscope; picture-in-picture; web-share\" referrerpolicy=\"strict-origin-when-cross-origin\" allowfullscreen><\/iframe>\n<\/div><\/figure>\n","protected":false},"excerpt":{"rendered":"<p>Je suis revenu de voyage avec plus de 13 500 photos, de quoi occuper de belles soir\u00e9es d&rsquo;hiver&#8230; Une s\u00e9lection s&rsquo;imposait, et apr\u00e8s quelques jours de choix et de montage, je vous pr\u00e9sente ici la cr\u00e8me, ces images qui m&rsquo;ont marqu\u00e9 et que j&rsquo;esp\u00e8re avoir r\u00e9ussi \u00e0 capter de la meilleure fa\u00e7on. Mises en musique, [&hellip;]<\/p>\n","protected":false},"author":1,"featured_media":0,"parent":0,"menu_order":0,"comment_status":"closed","ping_status":"closed","template":"","meta":{"footnotes":""},"class_list":["post-5740","page","type-page","status-publish","hentry"],"_links":{"self":[{"href":"https:\/\/enroutepourlinconnu.com\/index.php\/wp-json\/wp\/v2\/pages\/5740","targetHints":{"allow":["GET"]}}],"collection":[{"href":"https:\/\/enroutepourlinconnu.com\/index.php\/wp-json\/wp\/v2\/pages"}],"about":[{"href":"https:\/\/enroutepourlinconnu.com\/index.php\/wp-json\/wp\/v2\/types\/page"}],"author":[{"embeddable":true,"href":"https:\/\/enroutepourlinconnu.com\/index.php\/wp-json\/wp\/v2\/users\/1"}],"replies":[{"embeddable":true,"href":"https:\/\/enroutepourlinconnu.com\/index.php\/wp-json\/wp\/v2\/comments?post=5740"}],"version-history":[{"count":3,"href":"https:\/\/enroutepourlinconnu.com\/index.php\/wp-json\/wp\/v2\/pages\/5740\/revisions"}],"predecessor-version":[{"id":5746,"href":"https:\/\/enroutepourlinconnu.com\/index.php\/wp-json\/wp\/v2\/pages\/5740\/revisions\/5746"}],"wp:attachment":[{"href":"https:\/\/enroutepourlinconnu.com\/index.php\/wp-json\/wp\/v2\/media?parent=5740"}],"curies":[{"name":"wp","href":"https:\/\/api.w.org\/{rel}","templated":true}]}}