{"id":112,"date":"2017-03-19T13:15:56","date_gmt":"2017-03-19T12:15:56","guid":{"rendered":"http:\/\/enroutepourlinconnu.com\/?page_id=112"},"modified":"2018-10-31T12:52:21","modified_gmt":"2018-10-31T11:52:21","slug":"itineraire","status":"publish","type":"page","link":"https:\/\/enroutepourlinconnu.com\/index.php\/itineraire\/","title":{"rendered":"Itin\u00e9raire"},"content":{"rendered":"<p>La carte du parcours a \u00e9volu\u00e9 au fil du temps, dans les d\u00e9tails, m\u00eame si les lignes directrices sont rest\u00e9es les m\u00eames.<\/p>\n<p>&nbsp;<\/p>\n<p><strong>Parcours r\u00e9alis\u00e9 :<\/strong><\/p>\n<p><a href=\"https:\/\/planificateur.a-contresens.net\/itineraire\/33074\"><img loading=\"lazy\" decoding=\"async\" class=\"aligncenter wp-image-2863 size-large\" src=\"https:\/\/enroutepourlinconnu.com\/wp-content\/uploads\/2018\/10\/Parcours-1024x667.jpg\" alt=\"\" width=\"629\" height=\"410\" srcset=\"https:\/\/enroutepourlinconnu.com\/wp-content\/uploads\/2018\/10\/Parcours-1024x667.jpg 1024w, https:\/\/enroutepourlinconnu.com\/wp-content\/uploads\/2018\/10\/Parcours-300x195.jpg 300w, https:\/\/enroutepourlinconnu.com\/wp-content\/uploads\/2018\/10\/Parcours-768x500.jpg 768w, https:\/\/enroutepourlinconnu.com\/wp-content\/uploads\/2018\/10\/Parcours-900x586.jpg 900w, https:\/\/enroutepourlinconnu.com\/wp-content\/uploads\/2018\/10\/Parcours-1280x834.jpg 1280w, https:\/\/enroutepourlinconnu.com\/wp-content\/uploads\/2018\/10\/Parcours.jpg 1551w\" sizes=\"auto, (max-width: 629px) 100vw, 629px\" \/><\/a>Source\u00a0: <em><a href=\"https:\/\/planificateur.a-contresens.net\/itineraire\/33074\" target=\"_blank\" rel=\"noopener noreferrer\">Yogui autour du monde (du 21\/03\/2017 au 04\/08\/2018 &#8211; 502 jours)<\/a><\/em><\/p>\n<p style=\"text-align: center;\">#Russie #Mongolie #Chine #Vietnam #Cambodge #Laos #Tha\u00eflande #Myanmar\/Birmanie #Inde #Japon #Australie #Nouvelle-Z\u00e9lande #Chili #Argentine #Bolivie #P\u00e9rou #Colombie<\/p>\n<p><a href=\"https:\/\/enroutepourlinconnu.com\/wp-content\/uploads\/2018\/10\/Chiffres-cl\u00e9s.jpg\"><img loading=\"lazy\" decoding=\"async\" class=\"wp-image-2862 aligncenter\" src=\"https:\/\/enroutepourlinconnu.com\/wp-content\/uploads\/2018\/10\/Chiffres-cl\u00e9s-300x188.jpg\" alt=\"\" width=\"425\" height=\"266\" srcset=\"https:\/\/enroutepourlinconnu.com\/wp-content\/uploads\/2018\/10\/Chiffres-cl\u00e9s-300x188.jpg 300w, https:\/\/enroutepourlinconnu.com\/wp-content\/uploads\/2018\/10\/Chiffres-cl\u00e9s-768x481.jpg 768w, https:\/\/enroutepourlinconnu.com\/wp-content\/uploads\/2018\/10\/Chiffres-cl\u00e9s.jpg 802w\" sizes=\"auto, (max-width: 425px) 100vw, 425px\" \/><\/a><\/p>\n<p><strong>Parcours envisag\u00e9 :<\/strong><\/p>\n<p style=\"text-align: center;\">#Russie #Mongolie #Chine #Vietnam #Cambodge #Laos #Tha\u00eflande #Myanmar\/Birmanie #Inde #N\u00e9pal #Japon #Australie #Nouvelle-Z\u00e9lande #Chili #Bolivie #P\u00e9rou #Colombie #Costa Rica<\/p>\n<p style=\"text-align: center;\"><em>Source\u00a0: <a href=\"https:\/\/planificateur.a-contresens.net\/itineraire\/50663\" target=\"_blank\" rel=\"noopener noreferrer\">Yogui autour du monde &#8211; avant le d\u00e9part (du 21\/03\/2017 au 28\/04\/2018 &#8211; 403 jours)<\/a><\/em><\/p>\n","protected":false},"excerpt":{"rendered":"<p>La carte du parcours a \u00e9volu\u00e9 au fil du temps, dans les d\u00e9tails, m\u00eame si les lignes directrices sont rest\u00e9es les m\u00eames. &nbsp; Parcours r\u00e9alis\u00e9 : Source\u00a0: Yogui autour du monde (du 21\/03\/2017 au 04\/08\/2018 &#8211; 502 jours) #Russie #Mongolie #Chine #Vietnam #Cambodge #Laos #Tha\u00eflande #Myanmar\/Birmanie #Inde #Japon #Australie #Nouvelle-Z\u00e9lande #Chili #Argentine #Bolivie #P\u00e9rou #Colombie [&hellip;]<\/p>\n","protected":false},"author":1,"featured_media":0,"parent":0,"menu_order":0,"comment_status":"closed","ping_status":"closed","template":"","meta":{"footnotes":""},"class_list":["post-112","page","type-page","status-publish","hentry"],"_links":{"self":[{"href":"https:\/\/enroutepourlinconnu.com\/index.php\/wp-json\/wp\/v2\/pages\/112","targetHints":{"allow":["GET"]}}],"collection":[{"href":"https:\/\/enroutepourlinconnu.com\/index.php\/wp-json\/wp\/v2\/pages"}],"about":[{"href":"https:\/\/enroutepourlinconnu.com\/index.php\/wp-json\/wp\/v2\/types\/page"}],"author":[{"embeddable":true,"href":"https:\/\/enroutepourlinconnu.com\/index.php\/wp-json\/wp\/v2\/users\/1"}],"replies":[{"embeddable":true,"href":"https:\/\/enroutepourlinconnu.com\/index.php\/wp-json\/wp\/v2\/comments?post=112"}],"version-history":[{"count":14,"href":"https:\/\/enroutepourlinconnu.com\/index.php\/wp-json\/wp\/v2\/pages\/112\/revisions"}],"predecessor-version":[{"id":2870,"href":"https:\/\/enroutepourlinconnu.com\/index.php\/wp-json\/wp\/v2\/pages\/112\/revisions\/2870"}],"wp:attachment":[{"href":"https:\/\/enroutepourlinconnu.com\/index.php\/wp-json\/wp\/v2\/media?parent=112"}],"curies":[{"name":"wp","href":"https:\/\/api.w.org\/{rel}","templated":true}]}}